{"id":2895,"date":"2024-03-29T12:27:18","date_gmt":"2024-03-29T03:27:18","guid":{"rendered":"https:\/\/neumed042.mycafe24.com\/?page_id=2895"},"modified":"2024-06-12T16:43:28","modified_gmt":"2024-06-12T07:43:28","slug":"gioi-thieu-ve-ht042","status":"publish","type":"page","link":"https:\/\/ht042.co.kr\/vn\/gioi-thieu-ve-ht042\/","title":{"rendered":"Gi\u1edbi thi\u1ec7u v\u1ec1 HT042"},"content":{"rendered":"\t\t<div data-elementor-type=\"wp-page\" data-elementor-id=\"2895\" class=\"elementor elementor-2895\">\n\t\t\t\t\t\t<section class=\"elementor-section elementor-top-section elementor-element elementor-element-91101c9 elementor-section-boxed elementor-section-height-default elementor-section-height-default\" data-id=\"91101c9\" data-element_type=\"section\">\n\t\t\t\t\t\t<div class=\"elementor-container elementor-column-gap-default\">\n\t\t\t\t\t<div class=\"elementor-column elementor-col-100 elementor-top-column elementor-element elementor-element-e144345 elementor-invisible\" data-id=\"e144345\" data-element_type=\"column\" data-settings=\"{&quot;animation&quot;:&quot;fadeInRight&quot;}\">\n\t\t\t<div class=\"elementor-widget-wrap elementor-element-populated\">\n\t\t\t\t\t\t<div class=\"elementor-element elementor-element-560ec84 elementor-widget elementor-widget-heading\" data-id=\"560ec84\" data-element_type=\"widget\" data-widget_type=\"heading.default\">\n\t\t\t\t<div class=\"elementor-widget-container\">\n\t\t\t<style>\/*! elementor - v3.20.0 - 26-03-2024 *\/\n.elementor-heading-title{padding:0;margin:0;line-height:1}.elementor-widget-heading .elementor-heading-title[class*=elementor-size-]>a{color:inherit;font-size:inherit;line-height:inherit}.elementor-widget-heading .elementor-heading-title.elementor-size-small{font-size:15px}.elementor-widget-heading .elementor-heading-title.elementor-size-medium{font-size:19px}.elementor-widget-heading .elementor-heading-title.elementor-size-large{font-size:29px}.elementor-widget-heading .elementor-heading-title.elementor-size-xl{font-size:39px}.elementor-widget-heading .elementor-heading-title.elementor-size-xxl{font-size:59px}<\/style><h2 class=\"elementor-heading-title elementor-size-default\">HT042 l\u00e0 th\u00e0nh ph\u1ea7n \u0111\u1ea7u ti\u00ean v\u00e0 duy nh\u1ea5t \u0111\u01b0\u1ee3c ch\u1ee9ng nh\u1eadn v\u1ec1  <span style=\"background-color:#fff8b2\">t\u0103ng tr\u01b0\u1edfng chi\u1ec1u cao cho tr\u1ebb em<\/span> t\u1ea1i H\u00e0n Qu\u1ed1c.<\/h2>\t\t<\/div>\n\t\t\t\t<\/div>\n\t\t\t\t<div class=\"elementor-element elementor-element-3270bd0 elementor-widget elementor-widget-text-editor\" data-id=\"3270bd0\" data-element_type=\"widget\" data-widget_type=\"text-editor.default\">\n\t\t\t\t<div class=\"elementor-widget-container\">\n\t\t\t<style>\/*! elementor - v3.20.0 - 26-03-2024 *\/\n.elementor-widget-text-editor.elementor-drop-cap-view-stacked .elementor-drop-cap{background-color:#69727d;color:#fff}.elementor-widget-text-editor.elementor-drop-cap-view-framed .elementor-drop-cap{color:#69727d;border:3px solid;background-color:transparent}.elementor-widget-text-editor:not(.elementor-drop-cap-view-default) .elementor-drop-cap{margin-top:8px}.elementor-widget-text-editor:not(.elementor-drop-cap-view-default) .elementor-drop-cap-letter{width:1em;height:1em}.elementor-widget-text-editor .elementor-drop-cap{float:left;text-align:center;line-height:1;font-size:50px}.elementor-widget-text-editor .elementor-drop-cap-letter{display:inline-block}<\/style>\t\t\t\tHT042 l\u00e0 th\u00e0nh ph\u1ea7n \u0111\u1ea7u ti\u00ean v\u00e0 duy nh\u1ea5t \u0111\u01b0\u1ee3c B\u1ed9 Th\u1ef1c ph\u1ea9m v\u00e0 D\u01b0\u1ee3c ph\u1ea9m c\u00f4ng nh\u1eadn ch\u1ee9c n\u0103ng <span style=\"background-color: #dfe3e5; font-weight: bold;\">gi\u00fap \u00edch trong qu\u00e1 tr\u00ecnh ph\u00e1t tri\u1ec3n chi\u1ec1u cao c\u1ee7a tr\u1ebb.<\/span>\nDo \u0111\u00f3, n\u1ebfu t\u00ecm ki\u1ebfm s\u1ea3n ph\u1ea9m li\u00ean quan \u0111\u1ebfn <span style=\"background-color: #dfe3e5; font-weight: bold;\">t\u0103ng chi\u1ec1u cao<\/span> cho con tr\u1ebb, b\u1ea1n nh\u1ea5t \u0111\u1ecbnh ph\u1ea3i ch\u1ecdn s\u1ea3n ph\u1ea9m c\u00f3 ch\u1ee9a <span style=\"background-color: #fff8b2; font-weight: bold;\">HT042.<\/span>\n\n&nbsp;\t\t\t\t\t\t<\/div>\n\t\t\t\t<\/div>\n\t\t\t\t\t<\/div>\n\t\t<\/div>\n\t\t\t\t\t<\/div>\n\t\t<\/section>\n\t\t\t\t<section class=\"elementor-section elementor-top-section elementor-element elementor-element-9d02a82 elementor-section-boxed elementor-section-height-default elementor-section-height-default\" data-id=\"9d02a82\" data-element_type=\"section\">\n\t\t\t\t\t\t<div class=\"elementor-container elementor-column-gap-default\">\n\t\t\t\t\t<div class=\"elementor-column elementor-col-100 elementor-top-column elementor-element elementor-element-2847361 img-wrapper-lt-box elementor-invisible\" data-id=\"2847361\" data-element_type=\"column\" data-settings=\"{&quot;animation&quot;:&quot;fadeInUp&quot;}\">\n\t\t\t<div class=\"elementor-widget-wrap elementor-element-populated\">\n\t\t\t\t\t\t<div class=\"elementor-element elementor-element-5d0019d elementor-widget elementor-widget-image\" data-id=\"5d0019d\" data-element_type=\"widget\" data-widget_type=\"image.default\">\n\t\t\t\t<div class=\"elementor-widget-container\">\n\t\t\t<style>\/*! elementor - v3.20.0 - 26-03-2024 *\/\n.elementor-widget-image{text-align:center}.elementor-widget-image a{display:inline-block}.elementor-widget-image a img[src$=\".svg\"]{width:48px}.elementor-widget-image img{vertical-align:middle;display:inline-block}<\/style>\t\t\t\t\t\t\t\t\t\t<img fetchpriority=\"high\" decoding=\"async\" width=\"1024\" height=\"430\" src=\"https:\/\/ht042.co.kr\/vn\/wp-content\/uploads\/sites\/6\/2024\/04\/intro1.png\" class=\"attachment-large size-large wp-image-3116\" alt=\"\" srcset=\"https:\/\/ht042.co.kr\/vn\/wp-content\/uploads\/sites\/6\/2024\/04\/intro1.png 1024w, https:\/\/ht042.co.kr\/vn\/wp-content\/uploads\/sites\/6\/2024\/04\/intro1-300x126.png 300w, https:\/\/ht042.co.kr\/vn\/wp-content\/uploads\/sites\/6\/2024\/04\/intro1-768x323.png 768w, https:\/\/ht042.co.kr\/vn\/wp-content\/uploads\/sites\/6\/2024\/04\/intro1-200x84.png 200w, https:\/\/ht042.co.kr\/vn\/wp-content\/uploads\/sites\/6\/2024\/04\/intro1-500x210.png 500w, https:\/\/ht042.co.kr\/vn\/wp-content\/uploads\/sites\/6\/2024\/04\/intro1-800x336.png 800w\" sizes=\"(max-width: 1024px) 100vw, 1024px\" \/>\t\t\t\t\t\t\t\t\t\t\t\t\t<\/div>\n\t\t\t\t<\/div>\n\t\t\t\t\t<\/div>\n\t\t<\/div>\n\t\t\t\t\t<\/div>\n\t\t<\/section>\n\t\t\t\t<section class=\"elementor-section elementor-top-section elementor-element elementor-element-c9ac045 elementor-section-boxed elementor-section-height-default elementor-section-height-default\" data-id=\"c9ac045\" data-element_type=\"section\">\n\t\t\t\t\t\t<div class=\"elementor-container elementor-column-gap-default\">\n\t\t\t\t\t<div class=\"elementor-column elementor-col-33 elementor-top-column elementor-element elementor-element-26303ca\" data-id=\"26303ca\" data-element_type=\"column\">\n\t\t\t<div class=\"elementor-widget-wrap elementor-element-populated\">\n\t\t\t\t\t\t<div class=\"elementor-element elementor-element-6564b28 elementor-widget elementor-widget-image\" data-id=\"6564b28\" data-element_type=\"widget\" data-widget_type=\"image.default\">\n\t\t\t\t<div class=\"elementor-widget-container\">\n\t\t\t\t\t\t\t\t\t\t\t\t\t<img decoding=\"async\" width=\"192\" height=\"300\" src=\"https:\/\/ht042.co.kr\/vn\/wp-content\/uploads\/sites\/6\/2024\/04\/logo_png-192x300.png\" class=\"attachment-medium size-medium wp-image-2942\" alt=\"\" srcset=\"https:\/\/ht042.co.kr\/vn\/wp-content\/uploads\/sites\/6\/2024\/04\/logo_png-192x300.png 192w, https:\/\/ht042.co.kr\/vn\/wp-content\/uploads\/sites\/6\/2024\/04\/logo_png-655x1024.png 655w, https:\/\/ht042.co.kr\/vn\/wp-content\/uploads\/sites\/6\/2024\/04\/logo_png-768x1200.png 768w, https:\/\/ht042.co.kr\/vn\/wp-content\/uploads\/sites\/6\/2024\/04\/logo_png-983x1536.png 983w, https:\/\/ht042.co.kr\/vn\/wp-content\/uploads\/sites\/6\/2024\/04\/logo_png-200x313.png 200w, https:\/\/ht042.co.kr\/vn\/wp-content\/uploads\/sites\/6\/2024\/04\/logo_png-500x782.png 500w, https:\/\/ht042.co.kr\/vn\/wp-content\/uploads\/sites\/6\/2024\/04\/logo_png-800x1250.png 800w, https:\/\/ht042.co.kr\/vn\/wp-content\/uploads\/sites\/6\/2024\/04\/logo_png.png 1030w\" sizes=\"(max-width: 192px) 100vw, 192px\" \/>\t\t\t\t\t\t\t\t\t\t\t\t\t<\/div>\n\t\t\t\t<\/div>\n\t\t\t\t\t<\/div>\n\t\t<\/div>\n\t\t\t\t<div class=\"elementor-column elementor-col-66 elementor-top-column elementor-element elementor-element-1b3f2be elementor-invisible\" data-id=\"1b3f2be\" data-element_type=\"column\" data-settings=\"{&quot;background_background&quot;:&quot;classic&quot;,&quot;animation&quot;:&quot;fadeInUp&quot;,&quot;animation_delay&quot;:700}\">\n\t\t\t<div class=\"elementor-widget-wrap elementor-element-populated\">\n\t\t\t\t\t\t<div class=\"elementor-element elementor-element-2eb62e2 elementor-widget elementor-widget-heading\" data-id=\"2eb62e2\" data-element_type=\"widget\" data-widget_type=\"heading.default\">\n\t\t\t\t<div class=\"elementor-widget-container\">\n\t\t\t<h4 class=\"elementor-heading-title elementor-size-default\">B\u1ea1n c\u00f3 th\u1ec3 d\u1ec5 d\u00e0ng ki\u1ec3m tra xem s\u1ea3n ph\u1ea9m c\u00f3 ch\u1ee9a HT042 hay kh\u00f4ng th\u00f4ng qua nh\u00e3n ch\u1ee9ng nh\u1eadn HT042.<\/h4>\t\t<\/div>\n\t\t\t\t<\/div>\n\t\t\t\t<div class=\"elementor-element elementor-element-ece419b top-dot elementor-widget elementor-widget-text-editor\" data-id=\"ece419b\" data-element_type=\"widget\" data-widget_type=\"text-editor.default\">\n\t\t\t\t<div class=\"elementor-widget-container\">\n\t\t\t\t\t\t\t\u0110\u00e2y l\u00e0 th\u00e0nh ph\u1ea7n nguy\u00ean li\u1ec7u \u0111\u1ea7u ti\u00ean\/duy nh\u1ea5t<span style=\"color: #dfb60c; font-weight: bold; font-size: 2em;\">\u00a01\u00a0<\/span>\u0111\u01b0\u1ee3c ch\u1ee9ng nh\u1eadn cho s\u1ef1 ph\u00e1t tri\u1ec3n chi\u1ec1u cao c\u1ee7a tr\u1ebb em.\t\t\t\t\t\t<\/div>\n\t\t\t\t<\/div>\n\t\t\t\t<div class=\"elementor-element elementor-element-4102550 top-dot elementor-widget elementor-widget-text-editor\" data-id=\"4102550\" data-element_type=\"widget\" data-widget_type=\"text-editor.default\">\n\t\t\t\t<div class=\"elementor-widget-container\">\n\t\t\t\t\t\t\t<p>Ch\u1ee9c n\u0103ng c\u1ee7a HT042 \u0111\u1ed1i v\u1edbi s\u1ef1 t\u0103ng tr\u01b0\u1edfng chi\u1ec1u cao \u1edf tr\u1ebb em \u0111\u00e3 \u0111\u01b0\u1ee3c ki\u1ec3m nghi\u1ec7m th\u00f4ng qua\u00a0<span style=\"color: #dfb60c; font-weight: bold; font-size: 2em;\">2<\/span>\u00a0th\u1eed nghi\u1ec7m \u1ee9ng d\u1ee5ng ng\u1eabu nhi\u00ean tr\u00ean c\u01a1 th\u1ec3 ng\u01b0\u1eddi<\/p>\t\t\t\t\t\t<\/div>\n\t\t\t\t<\/div>\n\t\t\t\t<div class=\"elementor-element elementor-element-6224341 top-dot elementor-widget elementor-widget-text-editor\" data-id=\"6224341\" data-element_type=\"widget\" data-widget_type=\"text-editor.default\">\n\t\t\t\t<div class=\"elementor-widget-container\">\n\t\t\t\t\t\t\t<p>\u0110\u00e3 c\u00f3 h\u01a1n <span style=\"color: #dfb60c; font-weight: bold; font-size: 2em;\">10<\/span>\u00a0lu\u1eadn v\u0103n v\u1ec1 HT042 \u0111\u01b0\u1ee3c c\u00f4ng b\u1ed1 r\u1ed9ng r\u00e3i.<\/p>\t\t\t\t\t\t<\/div>\n\t\t\t\t<\/div>\n\t\t\t\t<div class=\"elementor-element elementor-element-cc6ad68 top-dot elementor-widget elementor-widget-text-editor\" data-id=\"cc6ad68\" data-element_type=\"widget\" data-widget_type=\"text-editor.default\">\n\t\t\t\t<div class=\"elementor-widget-container\">\n\t\t\t\t\t\t\t<p>Trong h\u01a1n <span style=\"color: #dfb60c; font-weight: bold; font-size: 2em;\">20<\/span>\u00a0n\u0103m, nh\u00f3m nghi\u00ean c\u1ee9u \u0111\u00e3 nghi\u00ean c\u1ee9u m\u1ed9t c\u00e1ch khoa h\u1ecdc v\u1ec1 s\u1ef1 t\u0103ng tr\u01b0\u1edfng chi\u1ec1u cao c\u1ee7a tr\u1ebb em.<\/p>\t\t\t\t\t\t<\/div>\n\t\t\t\t<\/div>\n\t\t\t\t\t<\/div>\n\t\t<\/div>\n\t\t\t\t\t<\/div>\n\t\t<\/section>\n\t\t\t\t<\/div>\n\t\t","protected":false},"excerpt":{"rendered":"HT042 l\u00e0 th\u00e0nh ph\u1ea7n \u0111\u1ea7u ti\u00ean v\u00e0 duy nh\u1ea5t \u0111\u01b0\u1ee3c ch\u1ee9ng nh\u1eadn v\u1ec1 t\u0103ng tr\u01b0\u1edfng chi\u1ec1u cao cho tr\u1ebb em t\u1ea1i H\u00e0n Qu\u1ed1c. HT042 l\u00e0 th\u00e0nh ph\u1ea7n \u0111\u1ea7u ti\u00ean v\u00e0 duy nh\u1ea5t \u0111\u01b0\u1ee3c B\u1ed9 Th\u1ef1c ph\u1ea9m v\u00e0 D\u01b0\u1ee3c ph\u1ea9m c\u00f4ng nh\u1eadn ch\u1ee9c n\u0103ng gi\u00fap \u00edch trong qu\u00e1 tr\u00ecnh ph\u00e1t tri\u1ec3n chi\u1ec1u cao c\u1ee7a tr\u1ebb. Do [&hellip;]","protected":false},"author":1,"featured_media":0,"parent":0,"menu_order":0,"comment_status":"closed","ping_status":"closed","template":"","meta":{"_acf_changed":false,"_vp_format_video_url":"","_vp_image_focal_point":[],"footnotes":""},"acf":[],"_links":{"self":[{"href":"https:\/\/ht042.co.kr\/vn\/wp-json\/wp\/v2\/pages\/2895"}],"collection":[{"href":"https:\/\/ht042.co.kr\/vn\/wp-json\/wp\/v2\/pages"}],"about":[{"href":"https:\/\/ht042.co.kr\/vn\/wp-json\/wp\/v2\/types\/page"}],"author":[{"embeddable":true,"href":"https:\/\/ht042.co.kr\/vn\/wp-json\/wp\/v2\/users\/1"}],"replies":[{"embeddable":true,"href":"https:\/\/ht042.co.kr\/vn\/wp-json\/wp\/v2\/comments?post=2895"}],"version-history":[{"count":59,"href":"https:\/\/ht042.co.kr\/vn\/wp-json\/wp\/v2\/pages\/2895\/revisions"}],"predecessor-version":[{"id":3664,"href":"https:\/\/ht042.co.kr\/vn\/wp-json\/wp\/v2\/pages\/2895\/revisions\/3664"}],"wp:attachment":[{"href":"https:\/\/ht042.co.kr\/vn\/wp-json\/wp\/v2\/media?parent=2895"}],"curies":[{"name":"wp","href":"https:\/\/api.w.org\/{rel}","templated":true}]}}